{"id":1556,"date":"2019-10-09T13:29:06","date_gmt":"2019-10-09T13:29:06","guid":{"rendered":"https:\/\/organicthemes.com\/demo\/artisan\/?post_type=product&#038;p=1556"},"modified":"2026-03-12T09:49:44","modified_gmt":"2026-03-12T12:49:44","slug":"scr916","status":"publish","type":"product","link":"https:\/\/www.planeta.inf.br\/en\/product\/scr916\/","title":{"rendered":"SCR916"},"content":{"rendered":"<p>O SCR916 \u00e9 um leitor EMV N\u00edvel 1 certificado para m\u00eddia sem contato e cart\u00f5es de circuito fechado, com dois slots SAM, duas portas seriais e uma interface USB 2.0. Ele suporta VSAM e v\u00e1rias empresas de processamento de pagamento, executando aplicativos de pagamento internamente para sistemas com recursos limitados. Facilmente integrado a v\u00e1rios hosts, ele tem um logotipo iluminado e 4 LEDs indicadores EMV.<\/p>\n<p>A porta USB tem como padr\u00e3o o modo CDC para ampla compatibilidade com sistemas operacionais (Windows, Linux, Android).<br \/>\nCertificado pelo padr\u00e3o EMV N\u00edvel 1 3.0, ele oferece comunica\u00e7\u00e3o SAM de alta velocidade (4-20 MHz). Um SDK com documenta\u00e7\u00e3o e exemplos de software est\u00e1 dispon\u00edvel. O SCR916 \u00e9 ideal para transa\u00e7\u00f5es EMV novas e antigas com cart\u00f5es SAM de alto desempenho.<\/p>\n<div class=\"wp-block-button has-custom-font-size is-style-outline has-extra-small-font-size\"><a class=\"wp-block-button__link has-white-color has-midnight-gradient-background has-text-color has-background wp-element-button\" style=\"border-style: none; border-width: 0px;\" href=\"https:\/\/www.planeta.inf.br\/wp-content\/uploads\/2026\/03\/202601-SCR916-Certifications.7z\">Baixar certifica\u00e7\u00f5es<\/a><\/div>","protected":false},"excerpt":{"rendered":"<p>Leitor de cart\u00e3o seguro EMV n\u00edvel 1<\/p>","protected":false},"featured_media":7039,"comment_status":"closed","ping_status":"closed","template":"","meta":{"_monsterinsights_skip_tracking":false,"_monsterinsights_sitenote_active":false,"_monsterinsights_sitenote_note":"","_monsterinsights_sitenote_category":0,"advanced_seo_description":"","jetpack_seo_html_title":"","jetpack_seo_noindex":false,"_links_to":"","_links_to_target":""},"product_cat":[117,120],"product_tag":[119],"jetpack_sharing_enabled":true,"_links":{"self":[{"href":"https:\/\/www.planeta.inf.br\/en\/wp-json\/wp\/v2\/product\/1556"}],"collection":[{"href":"https:\/\/www.planeta.inf.br\/en\/wp-json\/wp\/v2\/product"}],"about":[{"href":"https:\/\/www.planeta.inf.br\/en\/wp-json\/wp\/v2\/types\/product"}],"replies":[{"embeddable":true,"href":"https:\/\/www.planeta.inf.br\/en\/wp-json\/wp\/v2\/comments?post=1556"}],"wp:featuredmedia":[{"embeddable":true,"href":"https:\/\/www.planeta.inf.br\/en\/wp-json\/wp\/v2\/media\/7039"}],"wp:attachment":[{"href":"https:\/\/www.planeta.inf.br\/en\/wp-json\/wp\/v2\/media?parent=1556"}],"wp:term":[{"taxonomy":"product_cat","embeddable":true,"href":"https:\/\/www.planeta.inf.br\/en\/wp-json\/wp\/v2\/product_cat?post=1556"},{"taxonomy":"product_tag","embeddable":true,"href":"https:\/\/www.planeta.inf.br\/en\/wp-json\/wp\/v2\/product_tag?post=1556"}],"curies":[{"name":"wp","href":"https:\/\/api.w.org\/{rel}","templated":true}]}}