{"id":6827,"date":"2024-09-23T14:13:13","date_gmt":"2024-09-23T17:13:13","guid":{"rendered":"https:\/\/planeta.inf.br\/?page_id=6827"},"modified":"2024-12-10T13:15:34","modified_gmt":"2024-12-10T16:15:34","slug":"faq","status":"publish","type":"page","link":"https:\/\/www.planeta.inf.br\/en\/faq\/","title":{"rendered":"FAQ"},"content":{"rendered":"<h3 class=\"wp-block-heading\">1. What is a Smart Card?<\/h3><p>A <strong>smart card<\/strong> is a card, usually similar to a conventional credit card, made of plastic with a magnetic stripe. In addition to being used in bank and personal identification cards, it is also found in GSM mobile phones (the famous \"chip\" located behind the battery). The big difference is that the smart card has processing capacity, as it contains a microprocessor and memory (capable of storing various types of electronic information), both equipped with sophisticated security mechanisms. More and more credit cards are adopting this technology.<\/p><hr class=\"wp-block-separator has-text-color has-accent-primary-color has-alpha-channel-opacity has-accent-primary-background-color has-background\" style=\"margin-top:var(--wp--preset--spacing--50);margin-bottom:var(--wp--preset--spacing--50)\"\/><h3 class=\"wp-block-heading\">2. CCV Reader \u2013 Adjust Date and Time on the Reader<\/h3><ul><li>Collect the logs from the reader using a log collection card.<\/li>\n\n<li>Enter the password to access the settings menu (password: press the OK button and then quickly press numbers 1643).<\/li>\n\n<li>The CCV display will show the message \u201cForced Collection.\u201d Then, press the F3 button twice until the \u201cDate and Time Adjustment\u201d option appears and press OK.<\/li>\n\n<li>In the date and time menu, first adjust the date, press OK, then adjust the time, pressing OK again to complete.<\/li>\n\n<li>After confirming that the settings were successfully saved, press the CANC button to exit the adjustment menu.<\/li><\/ul><hr class=\"wp-block-separator has-text-color has-accent-primary-color has-alpha-channel-opacity has-accent-primary-background-color has-background\" style=\"margin-top:var(--wp--preset--spacing--50);margin-bottom:var(--wp--preset--spacing--50)\"\/><h3 class=\"wp-block-heading\">3. CCV Reader \u2013 Adjust Smart Card Date<\/h3><p>The date adjustment on the card, when it shifts forward or backward from the current date, must be done directly by <strong>Planeta Inform\u00e1tica<\/strong>.<\/p><p>The customer should contact the sales department, provide the number of cards, and check if there will be any costs to carry out the procedure. Then, the sales team will inform support, who will perform the adjustment and return the cards to the customer.<\/p><hr class=\"wp-block-separator has-text-color has-accent-primary-color has-alpha-channel-opacity has-accent-primary-background-color has-background\" style=\"margin-top:var(--wp--preset--spacing--50);margin-bottom:var(--wp--preset--spacing--50)\"\/><h3 class=\"wp-block-heading\">4. CCV Reader \u2013 Monthly Recharge Was Not Applied at Month End. What Happened? What Should I Do?<\/h3><p>The recharge only occurs after the CCV checks the date recorded on the card and compares it with the date stored on the card. Based on this comparison, it checks if there are scheduled recharges, and if there are, it performs the card recharge.<\/p><p>If the customer purchased the card and wants to use it in the same month for the monthly recharge, they should inform the sales team. In this case, the sales team will set the card\u2019s date to the previous month. Otherwise, it will be recorded with the current month, and the recharge will only occur at the start of the next month.<\/p><hr class=\"wp-block-separator has-text-color has-accent-primary-color has-alpha-channel-opacity has-accent-primary-background-color has-background\" style=\"margin-top:var(--wp--preset--spacing--50);margin-bottom:var(--wp--preset--spacing--50)\"\/><h3 class=\"wp-block-heading\">5. CCV Reader \u2013 Why Does the \u201cMachine Occupied\u201d Message Appear on the CCV When Used in a Machine with the PULSED Protocol?<\/h3><p class=\" translation-block\">In VM Manager, there are two configuration levels for pulsed machines: Level 0 or Level 1. Each machine operates with one of these levels, but if it is configured with the incorrect level, the \u201cMachine Occupied\u201d message will appear.<\/p><p class=\" translation-block\">To fix this, change the level in VM Manager and swipe the configuration card again in the CCV. If Level 1 is configured and the \u201cMachine Occupied\u201d message appears, switch to Level 0, and vice versa.<\/p><hr class=\"wp-block-separator has-text-color has-accent-primary-color has-alpha-channel-opacity has-accent-primary-background-color has-background\" style=\"margin-top:var(--wp--preset--spacing--50);margin-bottom:var(--wp--preset--spacing--50)\"\/><h3 class=\"wp-block-heading\">6. CCV Reader \u2013 \u201cInoperable Reader\u201d Message<\/h3><p>The reader leaves Planeta with the installed software version, but the configuration for each CCV is done by the user after training provided by Planeta. The \u201cInoperable Reader\u201d message appears because the device arrives at the customer without any configuration. The reader will start working only after configuration.<\/p><p>This also happens when Planeta releases a new software version for the CCV. After the update, the settings are reset and need to be reconfigured.<\/p><hr class=\"wp-block-separator has-text-color has-accent-primary-color has-alpha-channel-opacity has-accent-primary-background-color has-background\" style=\"margin-top:var(--wp--preset--spacing--50);margin-bottom:var(--wp--preset--spacing--50)\"\/><h3 class=\"wp-block-heading\">7. CCV Reader \u2013 Prerequisites for Using the Online System<\/h3><ul><li>The reader must be from the <strong>CCV760<\/strong> or <strong>CCV700<\/strong> models (if you have a <strong>CCV600<\/strong>, you need to upgrade to one of the two mentioned models).<\/li>\n\n<li>Acquire the online license for the reader from the sales department. After the purchase, support will send the license via email to be imported into <strong>VM Manager<\/strong> (the system will not work without this license).<\/li>\n\n<li>The company needs to release access to the following ports: 80, 9080, 3050, and 9081.<\/li>\n\n<li>The following IPs must also be released: 200.98.171.195 and 177.139.216.176.<\/li><\/ul><hr class=\"wp-block-separator has-text-color has-accent-primary-color has-alpha-channel-opacity has-accent-primary-background-color has-background\" style=\"margin-top:var(--wp--preset--spacing--50);margin-bottom:var(--wp--preset--spacing--50)\"\/><h3 class=\"wp-block-heading\">8. CCV Reader \u2013 Can I Use the Online System with GPRS or Wi-Fi?<\/h3><p>Yes, it is possible, but you will need a router and a 3\/4G adapter.<\/p><ul><li>For <strong>Wi-Fi<\/strong>, you will only need the router, which will act as a signal repeater. Configure it to capture the company\u2019s Wi-Fi signal and connect a network cable from the router to the CCV. The reader does not natively support Wi-Fi, so the network cable is necessary.<\/li>\n\n<li>For <strong>GPRS<\/strong>, you will need a router with an input for the 3\/4G adapter.<\/li><\/ul><p>In both cases, ensure the signal is strong enough to avoid connection failures.<\/p><hr class=\"wp-block-separator has-text-color has-accent-primary-color has-alpha-channel-opacity has-accent-primary-background-color has-background\" style=\"margin-top:var(--wp--preset--spacing--50);margin-bottom:var(--wp--preset--spacing--50)\"\/><h3 class=\"wp-block-heading\">9. VM Manager \u2013 How to Configure the Reader in VM Manager for the Online System?<\/h3><p>Acquire the <strong>CCV700\/760<\/strong> reader license for online mode from the sales department. Support will send the license via email to be imported into <strong>VM Manager<\/strong>.<\/p><p>You will also need to know the protocol used by the machine and whether the network will use a <strong>Static IP<\/strong> or <strong>DHCP<\/strong>. In the case of Static IP, the following information will be required: <strong>IP, Mask, Gateway<\/strong> and <strong>DNS<\/strong>.<\/p><hr class=\"wp-block-separator has-text-color has-accent-primary-color has-alpha-channel-opacity has-accent-primary-background-color has-background\" style=\"margin-top:var(--wp--preset--spacing--50);margin-bottom:var(--wp--preset--spacing--50)\"\/><h3 class=\"wp-block-heading\">10. What is VM Manager?<\/h3><p class=\" translation-block\">VM Manager is the software used to configure and manage reader information.<\/p><hr class=\"wp-block-separator has-text-color has-accent-primary-color has-alpha-channel-opacity has-accent-primary-background-color has-background\" style=\"margin-top:var(--wp--preset--spacing--50);margin-bottom:var(--wp--preset--spacing--50)\"\/><h3 class=\"wp-block-heading\">11. CCV Reader and VM Manager \u2013 What is the Configuration Card Used For?<\/h3><p>This card is used to configure smart card terminals (<strong>CCV600\/700\/760<\/strong>) through <strong>VM Manager<\/strong>. The software currently allows only one client per card, which is rewritable.<\/p><hr class=\"wp-block-separator has-text-color has-accent-primary-color has-alpha-channel-opacity has-accent-primary-background-color has-background\" style=\"margin-top:var(--wp--preset--spacing--50);margin-bottom:var(--wp--preset--spacing--50)\"\/><h3 class=\"wp-block-heading\">12. CCV Reader and VM Manager \u2013 What is the Log Collection Card Used For?<\/h3><p>This card is used to collect up to <strong>4.400 logs<\/strong> logs from smart card terminals (<strong>CCV600\/700\/760<\/strong>). It allows rewrites, and logs from multiple machines can be collected onto a single card.<\/p><hr class=\"wp-block-separator has-text-color has-accent-primary-color has-alpha-channel-opacity has-accent-primary-background-color has-background\" style=\"margin-top:var(--wp--preset--spacing--50);margin-bottom:var(--wp--preset--spacing--50)\"\/><h3 class=\"wp-block-heading\">13. CCV Reader \u2013 What is the Program Change\/Software Update Card Used For?<\/h3><ul><li class=\" translation-block\">Program Change: Used to change the software version of the smart card terminal (CCV600\/700). The CCV600 kit consists of six numbered cards that must be inserted into the reader in sequence.<\/li>\n\n<li class=\" translation-block\">Software Update: The CCV700 kit contains one card, and the CCV760 kit contains two cards, both rewritable.<\/li><\/ul><hr class=\"wp-block-separator has-text-color has-accent-primary-color has-alpha-channel-opacity has-accent-primary-background-color has-background\" style=\"margin-top:var(--wp--preset--spacing--50);margin-bottom:var(--wp--preset--spacing--50)\"\/><h3 class=\"wp-block-heading\">14. VM Manager \u2013 What is the CCD203\/204 Reader Used For?<\/h3><p>This is a USB reader used to read and write smart cards. It is used to write configurations to the configuration card and download logs into VM Manager.<\/p><hr class=\"wp-block-separator has-text-color has-accent-primary-color has-alpha-channel-opacity has-accent-primary-background-color has-background\" style=\"margin-top:var(--wp--preset--spacing--50);margin-bottom:var(--wp--preset--spacing--50)\"\/><h3 class=\"wp-block-heading\">15. VM Manager \u2013 I Swiped the Configuration Card in the CCV Reader, but It Shows the \u201cOld Card\u201d Message. What Should I Do?<\/h3><p>On the configuration screen, check the SEQ column. The configuration sequence number should be greater than the current configuration number in the reader. Otherwise, the reader will display the \u201cOld Configuration Card\u201d message.<\/p><p>To correct this, check the \u201cForce Swap\u201d option in VM Manager. The terminal\u2019s software will force the swap, and the message will no longer appear.<\/p><hr class=\"wp-block-separator has-text-color has-accent-primary-color has-alpha-channel-opacity has-accent-primary-background-color has-background\" style=\"margin-top:var(--wp--preset--spacing--50);margin-bottom:var(--wp--preset--spacing--50)\"\/><h3 class=\"wp-block-heading\">16. VM Manager \u2013 How Do I Import Logs from a Reader into VM Manager?<\/h3><ol><li>Collect the logs with the log collection card.<\/li>\n\n<li>Connect the CCD203\/204 to a USB port.<\/li>\n\n<li>Insert the log collection card into the USB reader.<\/li>\n\n<li>In VM Manager, go to Import Logs.<\/li>\n\n<li>The software will automatically begin reading the data and will erase the card.<\/li><\/ol><hr class=\"wp-block-separator has-text-color has-accent-primary-color has-alpha-channel-opacity has-accent-primary-background-color has-background\" style=\"margin-top:var(--wp--preset--spacing--50);margin-bottom:var(--wp--preset--spacing--50)\"\/><h3 class=\"wp-block-heading\">17. VM Manager \u2013 Where Do I Configure the Product List for the Reader?<\/h3><p>The product list is local and unique to each device, as the positions and products vary from machine to machine. This configuration allows products and prices to be allocated to different positions and product groups on the reader.<\/p><hr class=\"wp-block-separator has-text-color has-accent-primary-color has-alpha-channel-opacity has-accent-primary-background-color has-background\" style=\"margin-top:var(--wp--preset--spacing--50);margin-bottom:var(--wp--preset--spacing--50)\"\/><h3 class=\"wp-block-heading\">18. CCV Reader \u2013 The \u201cConfiguration Copy Error\u201d Message Appeared When Swiping the Card. What Does It Mean?<\/h3><p>Versions of VM Manager from 4.40 introduced stricter version control. If the CCV software is updated to version 4.41 or higher, only configuration cards recorded by VM Manager with the same or higher version will be accepted. Otherwise, the reader will show the \u201cConfiguration Copy Error\u201d message.<\/p>","protected":false},"excerpt":{"rendered":"<p>1. O que \u00e9 Smart Card? Um smart card \u00e9 um cart\u00e3o geralmente semelhante a um cart\u00e3o de cr\u00e9dito convencional, feito de pl\u00e1stico com tarja magn\u00e9tica. Al\u00e9m de ser utilizado em cart\u00f5es banc\u00e1rios e de identifica\u00e7\u00e3o pessoal, ele tamb\u00e9m \u00e9 encontrado em celulares GSM (o famoso &#8220;chip&#8221; localizado atr\u00e1s da bateria). A grande diferen\u00e7a \u00e9 [&hellip;]<\/p>","protected":false},"author":5,"featured_media":0,"parent":0,"menu_order":0,"comment_status":"closed","ping_status":"closed","template":"","meta":{"_monsterinsights_skip_tracking":false,"_monsterinsights_sitenote_active":false,"_monsterinsights_sitenote_note":"","_monsterinsights_sitenote_category":0,"advanced_seo_description":"","jetpack_seo_html_title":"","jetpack_seo_noindex":false,"footnotes":"","_links_to":"","_links_to_target":""},"jetpack_sharing_enabled":true,"_links":{"self":[{"href":"https:\/\/www.planeta.inf.br\/en\/wp-json\/wp\/v2\/pages\/6827"}],"collection":[{"href":"https:\/\/www.planeta.inf.br\/en\/wp-json\/wp\/v2\/pages"}],"about":[{"href":"https:\/\/www.planeta.inf.br\/en\/wp-json\/wp\/v2\/types\/page"}],"author":[{"embeddable":true,"href":"https:\/\/www.planeta.inf.br\/en\/wp-json\/wp\/v2\/users\/5"}],"replies":[{"embeddable":true,"href":"https:\/\/www.planeta.inf.br\/en\/wp-json\/wp\/v2\/comments?post=6827"}],"version-history":[{"count":5,"href":"https:\/\/www.planeta.inf.br\/en\/wp-json\/wp\/v2\/pages\/6827\/revisions"}],"predecessor-version":[{"id":7380,"href":"https:\/\/www.planeta.inf.br\/en\/wp-json\/wp\/v2\/pages\/6827\/revisions\/7380"}],"wp:attachment":[{"href":"https:\/\/www.planeta.inf.br\/en\/wp-json\/wp\/v2\/media?parent=6827"}],"curies":[{"name":"wp","href":"https:\/\/api.w.org\/{rel}","templated":true}]}}