{"id":6820,"date":"2024-09-23T13:28:24","date_gmt":"2024-09-23T16:28:24","guid":{"rendered":"https:\/\/planeta.inf.br\/?page_id=6820"},"modified":"2024-09-23T13:41:06","modified_gmt":"2024-09-23T16:41:06","slug":"politica-de-privacidade","status":"publish","type":"page","link":"https:\/\/www.planeta.inf.br\/en\/politica-de-privacidade\/","title":{"rendered":"Pol\u00edtica de privacidade"},"content":{"rendered":"<h3 class=\"wp-block-heading\">Privacy Notice<\/h3><p>In accordance with the Brazilian General Data Protection Law (LGPD) \u2013 Law No. 13.709\/2018, we provide below the key information regarding the collection and processing of personal data that may occur when accessing this company's institutional website. By using this website or any content presented on it, the User agrees to comply with and respect the conditions outlined here. If you disagree with the provided information, please note that it will not be possible to use the offered services, and we request that you immediately stop accessing and using the website and services.<\/p><div style=\"height:40px\" aria-hidden=\"true\" class=\"wp-block-spacer\"><\/div><p class=\" translation-block\">Company Identification: We are Planeta Inform\u00e1tica LTDA, a legal entity registered under CNPJ 66.036.831\/0001-21, located at Av. Dr. Romeu T\u00f3rtima, 272 \u2013 Santa Genebra II \u2013 Campinas \u2013 SP, ZIP Code 13.084-791. To communicate with us, send an email to our DPO at dpo@planeta.inf.br or contact us by phone at (19) 3749-8855.<\/p><div style=\"height:40px\" aria-hidden=\"true\" class=\"wp-block-spacer\"><\/div><p>During the use of this website, no personal data is automatically collected that would allow for the User's identification. Any personal data collected will be those voluntarily and optionally provided by the User, if they submit personal data through the contact methods available on the website (email, phone, and\/or letter). The provided data will be forwarded to the company's internal team, which will respond to the request as soon as possible.<\/p><div style=\"height:40px\" aria-hidden=\"true\" class=\"wp-block-spacer\"><\/div><p>If the User provides personal data through the available contact channels, it will not be shared with third parties, unless authorized and\/or explicitly requested by the User. Furthermore, security measures will be taken to protect the stored data.<\/p><div style=\"height:40px\" aria-hidden=\"true\" class=\"wp-block-spacer\"><\/div><p>Personal data provided voluntarily by the User through the contact channels will be processed by our company's team, located in Brazil.<\/p><div style=\"height:40px\" aria-hidden=\"true\" class=\"wp-block-spacer\"><\/div><p>Depending on the information submitted, an employee may contact the User to address their request, as required.<\/p><div style=\"height:40px\" aria-hidden=\"true\" class=\"wp-block-spacer\"><\/div><p>The duration of data storage and processing is indefinite and will be maintained for as long as necessary to fulfill its purpose, and\/or until the User revokes their consent or upon a judicial or extrajudicial order, when applicable, in accordance with the applicable legal regulations.<\/p><div style=\"height:40px\" aria-hidden=\"true\" class=\"wp-block-spacer\"><\/div><p>As per Article 18 of Law No. 13.709\/2018, the User may exercise the following rights regarding any personal data provided:<\/p><div style=\"height:40px\" aria-hidden=\"true\" class=\"wp-block-spacer\"><\/div><p class=\" translation-block\">I \u2013 Confirmation of the existence of processing; <br>\nII \u2013 Access to the data; <br>\nIII \u2013 Correction of incomplete, inaccurate, or outdated data; <br>\nIV \u2013 Anonymization, blocking, or deletion of unnecessary, excessive, or improperly processed data; <br>\nV \u2013 Data portability to another service or product provider, upon express request, in accordance with the regulations of the national authority, observing commercial and industrial secrecy; <br>\nVI \u2013 Deletion of personal data processed with the consent of the data subject, except in cases provided for in Article 16 of this Law; <br>\nVII \u2013 Information on the public and private entities with which the controller has shared data; <br>\nVIII \u2013 Information about the possibility of not providing consent and the consequences of refusal; <br>\nIX \u2013 Revocation of consent, in accordance with \u00a7 5 of Article 8 of this Law.<br><\/p><div style=\"height:40px\" aria-hidden=\"true\" class=\"wp-block-spacer\"><\/div><p class=\" translation-block\">If you wish to exercise any of the rights outlined in the law, please send an email to: dpo@planeta.inf.br.<\/p><div style=\"height:40px\" aria-hidden=\"true\" class=\"wp-block-spacer\"><\/div><h3 class=\"wp-block-heading\">Cookie Policy<\/h3><p>In this Cookie Policy, we inform the User about the use of cookies, which are pieces of code installed in the browser\/application (small digital files) that help the platform deliver its intended service. Certain cookie functions may require the User's consent. We inform you that, currently, our website does not use or collect personal data through cookies.<\/p><div style=\"height:40px\" aria-hidden=\"true\" class=\"wp-block-spacer\"><\/div><h3 class=\"wp-block-heading\">Final Provisions<\/h3><p>This \"Privacy Notice\" and \"Cookie Policy\" may be reviewed and\/or updated at any time. This document will always be available for consultation on this website, with free and easy access. We reserve the right to make improvements and updates that may change its structure or layout, as deemed convenient and necessary. If any provision of this document is considered unenforceable or invalid, that provision will be invalidated without affecting the remaining provisions. Additionally, we inform you that situations not covered in this document will be subject to analysis and deliberation by the responsible team of this company upon request.<\/p><div style=\"height:40px\" aria-hidden=\"true\" class=\"wp-block-spacer\"><\/div><p class=\" translation-block\">If you have any questions, suggestions, or need further contact regarding this document, please send an email to: dpo@planeta.inf.br.<\/p><div style=\"height:40px\" aria-hidden=\"true\" class=\"wp-block-spacer\"><\/div><p><strong>Last update: September 18, 2020.<\/strong><\/p>","protected":false},"excerpt":{"rendered":"<p>Aviso de Privacidade Nos termos da Lei Geral de Prote\u00e7\u00e3o de Dados brasileira &#8211; LGPD (Lei n. 13.709\/2018), detalhamos abaixo as principais informa\u00e7\u00f5es sobre a coleta e o tratamento de dados pessoais que podem ocorrer em caso de acesso ao website institucional desta empresa. A utiliza\u00e7\u00e3o deste website ou de conte\u00fados nele expostos sujeita o [&hellip;]<\/p>","protected":false},"author":5,"featured_media":0,"parent":0,"menu_order":0,"comment_status":"closed","ping_status":"closed","template":"template-no-title","meta":{"_monsterinsights_skip_tracking":false,"_monsterinsights_sitenote_active":false,"_monsterinsights_sitenote_note":"","_monsterinsights_sitenote_category":0,"advanced_seo_description":"","jetpack_seo_html_title":"","jetpack_seo_noindex":false,"footnotes":"","_links_to":"","_links_to_target":""},"jetpack_sharing_enabled":true,"_links":{"self":[{"href":"https:\/\/www.planeta.inf.br\/en\/wp-json\/wp\/v2\/pages\/6820"}],"collection":[{"href":"https:\/\/www.planeta.inf.br\/en\/wp-json\/wp\/v2\/pages"}],"about":[{"href":"https:\/\/www.planeta.inf.br\/en\/wp-json\/wp\/v2\/types\/page"}],"author":[{"embeddable":true,"href":"https:\/\/www.planeta.inf.br\/en\/wp-json\/wp\/v2\/users\/5"}],"replies":[{"embeddable":true,"href":"https:\/\/www.planeta.inf.br\/en\/wp-json\/wp\/v2\/comments?post=6820"}],"version-history":[{"count":4,"href":"https:\/\/www.planeta.inf.br\/en\/wp-json\/wp\/v2\/pages\/6820\/revisions"}],"predecessor-version":[{"id":6825,"href":"https:\/\/www.planeta.inf.br\/en\/wp-json\/wp\/v2\/pages\/6820\/revisions\/6825"}],"wp:attachment":[{"href":"https:\/\/www.planeta.inf.br\/en\/wp-json\/wp\/v2\/media?parent=6820"}],"curies":[{"name":"wp","href":"https:\/\/api.w.org\/{rel}","templated":true}]}}