{"id":1829,"date":"2024-09-19T16:10:29","date_gmt":"2024-09-19T19:10:29","guid":{"rendered":"https:\/\/stax.organicthemes.com\/?page_id=1829"},"modified":"2025-03-13T10:56:37","modified_gmt":"2025-03-13T13:56:37","slug":"products","status":"publish","type":"page","link":"https:\/\/www.planeta.inf.br\/en\/products\/","title":{"rendered":"Products - Planeta Inform\u00e1tica"},"content":{"rendered":"<p>At Planeta Inform\u00e1tica, we provide high-quality solutions for commercial and industrial automation, as well as secure payment systems. Our devices are designed to meet the needs of the most demanding sectors, with integration of software, innovative hardware, and specialized support. Explore our products and find the ideal solution for your business, whether for vending machines, access control, or payments with smart cards.<\/p><div class=\"wp-block-obb-position-block alignwide organic-block obb-position\" style=\"transform:scale(1);margin-left:0;margin-right:0;margin-top:0;left:auto;bottom:auto;z-index:7\"><div class=\"wp-block-columns are-vertically-aligned-center is-layout-flex wp-container-core-columns-is-layout-1 wp-block-columns-is-layout-flex\"><div class=\"wp-block-column is-vertically-aligned-center is-layout-flow wp-block-column-is-layout-flow\" style=\"flex-basis:100%\"><div class=\"wp-block-group is-layout-constrained wp-block-group-is-layout-constrained\"><div class=\"wp-block-column is-vertically-aligned-center is-layout-flow wp-block-column-is-layout-flow\" style=\"flex-basis:70%\"><div class=\"wp-block-group is-layout-flow wp-block-group-is-layout-flow\"><div style=\"height:60px\" aria-hidden=\"true\" class=\"wp-block-spacer\"><\/div>\n\n<h3 class=\"wp-block-heading has-text-align-center has-accent-primary-color has-text-color has-link-color wp-elements-3ba322eee904d3118c071396a390dae1\" id=\"all-products-block\">All Products<\/h3>\n\n<hr class=\"wp-block-separator has-text-color has-accent-primary-color has-alpha-channel-opacity has-accent-primary-background-color has-background is-style-default\"\/><\/div>\n\n<div data-align-buttons=\"false\" data-block-name=\"woocommerce\/all-products\" data-columns=\"4\" data-content-visibility=\"{&quot;orderBy&quot;:true}\" data-layout-config=\"[[&quot;woocommerce\\\/product-image&quot;,{&quot;showProductLink&quot;:true,&quot;showSaleBadge&quot;:true,&quot;saleBadgeAlign&quot;:&quot;right&quot;,&quot;imageSizing&quot;:&quot;thumbnail&quot;,&quot;productId&quot;:0,&quot;isDescendentOfQueryLoop&quot;:false,&quot;isDescendentOfSingleProductBlock&quot;:false,&quot;scale&quot;:&quot;cover&quot;,&quot;children&quot;:[],&quot;isDescendantOfAllProducts&quot;:true}],[&quot;woocommerce\\\/product-title&quot;,{&quot;headingLevel&quot;:2,&quot;showProductLink&quot;:true,&quot;productId&quot;:0,&quot;align&quot;:&quot;center&quot;,&quot;fontSize&quot;:&quot;medium&quot;,&quot;children&quot;:[],&quot;isDescendantOfAllProducts&quot;:true}],[&quot;woocommerce\\\/product-rating&quot;,{&quot;productId&quot;:0,&quot;isDescendentOfQueryLoop&quot;:false,&quot;textAlign&quot;:&quot;&quot;,&quot;isDescendentOfSingleProductBlock&quot;:false,&quot;isDescendentOfSingleProductTemplate&quot;:false,&quot;children&quot;:[],&quot;isDescendantOfAllProducts&quot;:true}],[&quot;woocommerce\\\/product-button&quot;,{&quot;productId&quot;:0,&quot;textAlign&quot;:&quot;&quot;,&quot;isDescendentOfSingleProductBlock&quot;:false,&quot;isDescendentOfQueryLoop&quot;:false,&quot;children&quot;:[],&quot;className&quot;:&quot;&quot;,&quot;isDescendantOfAllProducts&quot;:true}]]\" data-orderby=\"menu_order\" data-rows=\"4\" data-wpum_restrict_show_message=\"false\" class=\"wp-block-woocommerce-all-products wc-block-all-products\" data-attributes=\"{&quot;alignButtons&quot;:false,&quot;columns&quot;:4,&quot;contentVisibility&quot;:{&quot;orderBy&quot;:true},&quot;isPreview&quot;:false,&quot;layoutConfig&quot;:[[&quot;woocommerce\/product-image&quot;,{&quot;showProductLink&quot;:true,&quot;showSaleBadge&quot;:true,&quot;saleBadgeAlign&quot;:&quot;right&quot;,&quot;imageSizing&quot;:&quot;thumbnail&quot;,&quot;productId&quot;:0,&quot;isDescendentOfQueryLoop&quot;:false,&quot;isDescendentOfSingleProductBlock&quot;:false,&quot;scale&quot;:&quot;cover&quot;,&quot;children&quot;:[],&quot;isDescendantOfAllProducts&quot;:true}],[&quot;woocommerce\/product-title&quot;,{&quot;headingLevel&quot;:2,&quot;showProductLink&quot;:true,&quot;productId&quot;:0,&quot;align&quot;:&quot;center&quot;,&quot;fontSize&quot;:&quot;medium&quot;,&quot;children&quot;:[],&quot;isDescendantOfAllProducts&quot;:true}],[&quot;woocommerce\/product-rating&quot;,{&quot;productId&quot;:0,&quot;isDescendentOfQueryLoop&quot;:false,&quot;textAlign&quot;:&quot;&quot;,&quot;isDescendentOfSingleProductBlock&quot;:false,&quot;isDescendentOfSingleProductTemplate&quot;:false,&quot;children&quot;:[],&quot;isDescendantOfAllProducts&quot;:true}],[&quot;woocommerce\/product-button&quot;,{&quot;productId&quot;:0,&quot;textAlign&quot;:&quot;&quot;,&quot;isDescendentOfSingleProductBlock&quot;:false,&quot;isDescendentOfQueryLoop&quot;:false,&quot;children&quot;:[],&quot;className&quot;:&quot;&quot;,&quot;isDescendantOfAllProducts&quot;:true}]],&quot;orderby&quot;:&quot;menu_order&quot;,&quot;rows&quot;:4,&quot;wpum_hide_state_in&quot;:false,&quot;wpum_hide_state_out&quot;:false,&quot;wpum_restrict_show_message&quot;:false,&quot;wpum_restrict_state&quot;:&quot;&quot;,&quot;wpum_restrict_type&quot;:&quot;wpum_restrict_type_state&quot;}\"><div data-block-name=\"woocommerce\/product-image\" data-image-sizing=\"thumbnail\" class=\"is-loading\"><\/div>\n\n<div data-block-name=\"woocommerce\/product-title\" data-font-size=\"medium\" class=\"wp-block-woocommerce-product-title is-loading has-medium-font-size\"><\/div>\n\n<div data-block-name=\"woocommerce\/product-rating\" class=\"is-loading\"><\/div>\n\n<\/div><\/div><\/div><\/div><\/div><\/div><p><\/p>","protected":false},"excerpt":{"rendered":"<p>Na Planeta Inform\u00e1tica, oferecemos solu\u00e7\u00f5es de alta qualidade para automa\u00e7\u00e3o comercial, industrial e sistemas de pagamento seguro. Nossos dispositivos s\u00e3o projetados para atender \u00e0s necessidades dos setores mais exigentes, com integra\u00e7\u00e3o de software, hardware inovador e suporte especializado. Explore nossos produtos e encontre a solu\u00e7\u00e3o ideal para o seu neg\u00f3cio, seja para m\u00e1quinas de venda [&hellip;]<\/p>","protected":false},"author":5,"featured_media":0,"parent":0,"menu_order":0,"comment_status":"closed","ping_status":"closed","template":"","meta":{"_monsterinsights_skip_tracking":false,"_monsterinsights_sitenote_active":false,"_monsterinsights_sitenote_note":"","_monsterinsights_sitenote_category":0,"advanced_seo_description":"","jetpack_seo_html_title":"","jetpack_seo_noindex":false,"footnotes":"","_links_to":"","_links_to_target":""},"jetpack_sharing_enabled":true,"_links":{"self":[{"href":"https:\/\/www.planeta.inf.br\/en\/wp-json\/wp\/v2\/pages\/1829"}],"collection":[{"href":"https:\/\/www.planeta.inf.br\/en\/wp-json\/wp\/v2\/pages"}],"about":[{"href":"https:\/\/www.planeta.inf.br\/en\/wp-json\/wp\/v2\/types\/page"}],"author":[{"embeddable":true,"href":"https:\/\/www.planeta.inf.br\/en\/wp-json\/wp\/v2\/users\/5"}],"replies":[{"embeddable":true,"href":"https:\/\/www.planeta.inf.br\/en\/wp-json\/wp\/v2\/comments?post=1829"}],"version-history":[{"count":25,"href":"https:\/\/www.planeta.inf.br\/en\/wp-json\/wp\/v2\/pages\/1829\/revisions"}],"predecessor-version":[{"id":8171,"href":"https:\/\/www.planeta.inf.br\/en\/wp-json\/wp\/v2\/pages\/1829\/revisions\/8171"}],"wp:attachment":[{"href":"https:\/\/www.planeta.inf.br\/en\/wp-json\/wp\/v2\/media?parent=1829"}],"curies":[{"name":"wp","href":"https:\/\/api.w.org\/{rel}","templated":true}]}}