{"id":8243,"date":"2026-02-12T08:47:07","date_gmt":"2026-02-12T11:47:07","guid":{"rendered":"https:\/\/www.planeta.inf.br\/?post_type=product&#038;p=8243"},"modified":"2026-03-02T12:43:50","modified_gmt":"2026-03-02T15:43:50","slug":"crv100","status":"publish","type":"product","link":"https:\/\/www.planeta.inf.br\/br\/product\/crv100\/","title":{"rendered":"CRV100"},"content":{"rendered":"<p>O <strong>CRV100<\/strong> \u00e9 um kit de repotencia\u00e7\u00e3o para validadores que amplia suas funcionalidades e prolonga sua vida \u00fatil. Permite aceitar cart\u00f5es banc\u00e1rios (EMV) e cart\u00f5es de circuito fechado, al\u00e9m de possibilitar leitura e gera\u00e7\u00e3o de QR Code por meio de c\u00e2mera integrada.<\/p>\n<p>O kit mant\u00e9m as interfaces existentes (rede, LCD e LEDs) e adiciona recursos como \u00e1udio duplo de 3W, sensor de proximidade para melhor experi\u00eancia do usu\u00e1rio e conectividade completa (Wi-Fi, Bluetooth e Ethernet). Uma solu\u00e7\u00e3o robusta para modernizar validadores com mais seguran\u00e7a e desempenho.<\/p>\n<div class=\"catalog-download\">\n<h3>Download Cat\u00e1logo<\/h3>\n<p><strong>Portugu\u00eas:<\/strong> <a href=\"https:\/\/www.planeta.inf.br\/wp-content\/uploads\/2026\/02\/FOL-CRV100.pdf\" target=\"_blank\" rel=\"noopener noreferrer\">Baixar cat\u00e1logo (PDF)<\/a><\/p>\n<p><strong>English:<\/strong> <a href=\"https:\/\/www.planeta.inf.br\/wp-content\/uploads\/2026\/02\/EFOL-CRV100.pdf\" target=\"_blank\" rel=\"noopener noreferrer\">Download catalog (PDF)<\/a><\/p>\n<\/div>\n","protected":false},"excerpt":{"rendered":"<div class=\"flex max-w-full flex-col flex-grow\">\n<div class=\"min-h-[20px] text-message flex w-full flex-col items-end gap-2 whitespace-normal break-words [.text-message+&amp;]:mt-5\" dir=\"auto\" data-message-author-role=\"assistant\" data-message-id=\"e73090d4-7b69-4c2f-ba41-97ffb4c5fe96\">\n<div class=\"flex w-full flex-col gap-1 empty:hidden first:pt-[3px]\">\n<div class=\"markdown prose w-full break-words dark:prose-invert light\">\n<p>Kit de repotencia\u00e7\u00e3o do validador\n<\/p><\/div>\n<\/div>\n<\/div>\n<\/div>\n","protected":false},"featured_media":8255,"comment_status":"closed","ping_status":"closed","template":"","meta":{"_monsterinsights_skip_tracking":false,"_monsterinsights_sitenote_active":false,"_monsterinsights_sitenote_note":"","_monsterinsights_sitenote_category":0,"advanced_seo_description":"","jetpack_seo_html_title":"","jetpack_seo_noindex":false,"_links_to":"","_links_to_target":""},"product_cat":[117,120],"product_tag":[],"jetpack_sharing_enabled":true,"_links":{"self":[{"href":"https:\/\/www.planeta.inf.br\/br\/wp-json\/wp\/v2\/product\/8243"}],"collection":[{"href":"https:\/\/www.planeta.inf.br\/br\/wp-json\/wp\/v2\/product"}],"about":[{"href":"https:\/\/www.planeta.inf.br\/br\/wp-json\/wp\/v2\/types\/product"}],"replies":[{"embeddable":true,"href":"https:\/\/www.planeta.inf.br\/br\/wp-json\/wp\/v2\/comments?post=8243"}],"wp:featuredmedia":[{"embeddable":true,"href":"https:\/\/www.planeta.inf.br\/br\/wp-json\/wp\/v2\/media\/8255"}],"wp:attachment":[{"href":"https:\/\/www.planeta.inf.br\/br\/wp-json\/wp\/v2\/media?parent=8243"}],"wp:term":[{"taxonomy":"product_cat","embeddable":true,"href":"https:\/\/www.planeta.inf.br\/br\/wp-json\/wp\/v2\/product_cat?post=8243"},{"taxonomy":"product_tag","embeddable":true,"href":"https:\/\/www.planeta.inf.br\/br\/wp-json\/wp\/v2\/product_tag?post=8243"}],"curies":[{"name":"wp","href":"https:\/\/api.w.org\/{rel}","templated":true}]}}