{"id":7243,"date":"2024-11-22T14:49:46","date_gmt":"2024-11-22T17:49:46","guid":{"rendered":"https:\/\/planeta.inf.br\/?post_type=product&#038;p=7243"},"modified":"2026-03-02T12:45:53","modified_gmt":"2026-03-02T15:45:53","slug":"vsam","status":"publish","type":"product","link":"https:\/\/www.planeta.inf.br\/br\/product\/vsam\/","title":{"rendered":"VSAM"},"content":{"rendered":"<p>O SAM (Secure Access Module) \u00e9 um cart\u00e3o inteligente de formato plug-in que aprimora a seguran\u00e7a e o desempenho criptogr\u00e1fico em terminais de pagamento, como validadores, para cart\u00f5es EMV sem contato.<br \/>\nO VSAM (Virtualization SAM), como seu irm\u00e3o para aplicativos de circuito fechado, o CL_SAM, estende esses recursos ao fornecer pagamentos de circuito aberto e fechado. Ele incorpora processamento de transa\u00e7\u00f5es seguro, o que aprimora a seguran\u00e7a do sistema.<br \/>\nO VSAM tamb\u00e9m carrega o kernel EMV L2, otimizado para transa\u00e7\u00f5es Visa \u201cOnline Deferred\u201d, e fornece uma interface com um leitor sem contato certificado EMV N\u00edvel 1 para executar todas as transa\u00e7\u00f5es EMV de forma r\u00e1pida e segura com f\u00e1cil implementa\u00e7\u00e3o.<\/p>\n<div class=\"catalog-download\">\n<h3>Download Cat\u00e1logo<\/h3>\n<p><strong>Portugu\u00eas:<\/strong> <a href=\"https:\/\/www.planeta.inf.br\/wp-content\/uploads\/2026\/02\/FOL-VSAM.pdf\" target=\"_blank\" rel=\"noopener noreferrer\">Baixar cat\u00e1logo (PDF)<\/a><\/p>\n<p><strong>English:<\/strong> <a href=\"https:\/\/www.planeta.inf.br\/wp-content\/uploads\/2026\/02\/EFOL-VSAM.pdf\" target=\"_blank\" rel=\"noopener noreferrer\">Download catalog (PDF)<\/a><\/p>\n<\/div>\n","protected":false},"excerpt":{"rendered":"<p>VSAM \u2013 M\u00f3dulo de acesso seguro de virtualiza\u00e7\u00e3o<\/p>\n","protected":false},"featured_media":7260,"comment_status":"closed","ping_status":"closed","template":"","meta":{"_monsterinsights_skip_tracking":false,"_monsterinsights_sitenote_active":false,"_monsterinsights_sitenote_note":"","_monsterinsights_sitenote_category":0,"advanced_seo_description":"","jetpack_seo_html_title":"","jetpack_seo_noindex":false,"_links_to":"","_links_to_target":""},"product_cat":[117,93],"product_tag":[],"jetpack_sharing_enabled":true,"_links":{"self":[{"href":"https:\/\/www.planeta.inf.br\/br\/wp-json\/wp\/v2\/product\/7243"}],"collection":[{"href":"https:\/\/www.planeta.inf.br\/br\/wp-json\/wp\/v2\/product"}],"about":[{"href":"https:\/\/www.planeta.inf.br\/br\/wp-json\/wp\/v2\/types\/product"}],"replies":[{"embeddable":true,"href":"https:\/\/www.planeta.inf.br\/br\/wp-json\/wp\/v2\/comments?post=7243"}],"wp:featuredmedia":[{"embeddable":true,"href":"https:\/\/www.planeta.inf.br\/br\/wp-json\/wp\/v2\/media\/7260"}],"wp:attachment":[{"href":"https:\/\/www.planeta.inf.br\/br\/wp-json\/wp\/v2\/media?parent=7243"}],"wp:term":[{"taxonomy":"product_cat","embeddable":true,"href":"https:\/\/www.planeta.inf.br\/br\/wp-json\/wp\/v2\/product_cat?post=7243"},{"taxonomy":"product_tag","embeddable":true,"href":"https:\/\/www.planeta.inf.br\/br\/wp-json\/wp\/v2\/product_tag?post=7243"}],"curies":[{"name":"wp","href":"https:\/\/api.w.org\/{rel}","templated":true}]}}