{"id":6912,"date":"2024-09-26T15:43:54","date_gmt":"2024-09-26T18:43:54","guid":{"rendered":"https:\/\/planeta.inf.br\/?post_type=product&#038;p=6912"},"modified":"2025-02-17T09:52:03","modified_gmt":"2025-02-17T12:52:03","slug":"sms","status":"publish","type":"product","link":"https:\/\/www.planeta.inf.br\/br\/product\/sms\/","title":{"rendered":"SMS"},"content":{"rendered":"<p>O SAM Management System \u00e9 um aplicativo baseado em nuvem ou cliente dedicado ao gerenciamento de SAMs implantados em campo.<br \/>\nEle permite a listagem e o controle de SAMs implantados, gerenciando suas fun\u00e7\u00f5es, vers\u00e3o de software e janela de opera\u00e7\u00e3o. O software pode ser oferecido como um servi\u00e7o ou instalado no servidor do cliente de acordo com suas necessidades. Todos os controles s\u00e3o acess\u00edveis por meio de uma interface da web moderna e f\u00e1cil de usar com um painel gr\u00e1fico.<br \/>\nEntre suas fun\u00e7\u00f5es, o sistema pode gerenciar:<\/p>\n<ul>\n<li>Atualiza\u00e7\u00f5es seguras de firmware<\/li>\n<li>Atualiza\u00e7\u00f5es seguras de configura\u00e7\u00e3o<\/li>\n<li>Adi\u00e7\u00f5es seguras de kernel<\/li>\n<li>Opera\u00e7\u00e3o de janela de servi\u00e7o<\/li>\n<li>Importa\u00e7\u00e3o em massa de listas de SAM implantados e novos<\/li>\n<\/ul>\n<p>As caracter\u00edsticas combinadas do SAM Management System o tornam uma ferramenta de gerenciamento robusta para atender \u00e0s demandas cada vez maiores por mudan\u00e7as em dispositivos implantados.<\/p>\n<p><center><img fetchpriority=\"high\" decoding=\"async\" class=\"wp-image-6916 aligncenter\" src=\"https:\/\/planeta.inf.br\/wp-content\/uploads\/2024\/09\/Captura-de-tela-2024-09-26-162406-1024x462.png\" alt=\"\" width=\"660\" height=\"297\" srcset=\"https:\/\/www.planeta.inf.br\/wp-content\/uploads\/2024\/09\/Captura-de-tela-2024-09-26-162406-1024x462.png 1024w, https:\/\/www.planeta.inf.br\/wp-content\/uploads\/2024\/09\/Captura-de-tela-2024-09-26-162406-300x135.png 300w, https:\/\/www.planeta.inf.br\/wp-content\/uploads\/2024\/09\/Captura-de-tela-2024-09-26-162406-768x347.png 768w, https:\/\/www.planeta.inf.br\/wp-content\/uploads\/2024\/09\/Captura-de-tela-2024-09-26-162406-980x442.png 980w, https:\/\/www.planeta.inf.br\/wp-content\/uploads\/2024\/09\/Captura-de-tela-2024-09-26-162406.png 1101w\" sizes=\"(max-width: 660px) 100vw, 660px\" \/><\/center><center><\/center><center><img decoding=\"async\" class=\"wp-image-6915 aligncenter\" src=\"https:\/\/planeta.inf.br\/wp-content\/uploads\/2024\/09\/Captura-de-tela-2024-09-26-162052-1024x409.png\" alt=\"\" width=\"660\" height=\"264\" srcset=\"https:\/\/www.planeta.inf.br\/wp-content\/uploads\/2024\/09\/Captura-de-tela-2024-09-26-162052-1024x409.png 1024w, https:\/\/www.planeta.inf.br\/wp-content\/uploads\/2024\/09\/Captura-de-tela-2024-09-26-162052-300x120.png 300w, https:\/\/www.planeta.inf.br\/wp-content\/uploads\/2024\/09\/Captura-de-tela-2024-09-26-162052-768x307.png 768w, https:\/\/www.planeta.inf.br\/wp-content\/uploads\/2024\/09\/Captura-de-tela-2024-09-26-162052-1536x613.png 1536w, https:\/\/www.planeta.inf.br\/wp-content\/uploads\/2024\/09\/Captura-de-tela-2024-09-26-162052-980x391.png 980w, https:\/\/www.planeta.inf.br\/wp-content\/uploads\/2024\/09\/Captura-de-tela-2024-09-26-162052.png 1548w\" sizes=\"(max-width: 660px) 100vw, 660px\" \/><\/center><\/p>\n","protected":false},"excerpt":{"rendered":"<p>Sistema de gest\u00e3o SAM.<\/p>\n","protected":false},"featured_media":6913,"comment_status":"closed","ping_status":"closed","template":"","meta":{"_monsterinsights_skip_tracking":false,"_monsterinsights_sitenote_active":false,"_monsterinsights_sitenote_note":"","_monsterinsights_sitenote_category":0,"advanced_seo_description":"","jetpack_seo_html_title":"","jetpack_seo_noindex":false,"_links_to":"","_links_to_target":""},"product_cat":[117,124,98],"product_tag":[119],"jetpack_sharing_enabled":true,"_links":{"self":[{"href":"https:\/\/www.planeta.inf.br\/br\/wp-json\/wp\/v2\/product\/6912"}],"collection":[{"href":"https:\/\/www.planeta.inf.br\/br\/wp-json\/wp\/v2\/product"}],"about":[{"href":"https:\/\/www.planeta.inf.br\/br\/wp-json\/wp\/v2\/types\/product"}],"replies":[{"embeddable":true,"href":"https:\/\/www.planeta.inf.br\/br\/wp-json\/wp\/v2\/comments?post=6912"}],"wp:featuredmedia":[{"embeddable":true,"href":"https:\/\/www.planeta.inf.br\/br\/wp-json\/wp\/v2\/media\/6913"}],"wp:attachment":[{"href":"https:\/\/www.planeta.inf.br\/br\/wp-json\/wp\/v2\/media?parent=6912"}],"wp:term":[{"taxonomy":"product_cat","embeddable":true,"href":"https:\/\/www.planeta.inf.br\/br\/wp-json\/wp\/v2\/product_cat?post=6912"},{"taxonomy":"product_tag","embeddable":true,"href":"https:\/\/www.planeta.inf.br\/br\/wp-json\/wp\/v2\/product_tag?post=6912"}],"curies":[{"name":"wp","href":"https:\/\/api.w.org\/{rel}","templated":true}]}}