{"id":6840,"date":"2024-09-25T09:43:30","date_gmt":"2024-09-25T12:43:30","guid":{"rendered":"https:\/\/planeta.inf.br\/?post_type=product&#038;p=6840"},"modified":"2026-01-19T13:01:16","modified_gmt":"2026-01-19T16:01:16","slug":"vsam-sdk","status":"publish","type":"product","link":"https:\/\/www.planeta.inf.br\/br\/product\/vsam-sdk\/","title":{"rendered":"VSAM SDK"},"content":{"rendered":"<p>O VSAM SDK \u00e9 uma solu\u00e7\u00e3o para desenvolver e testar a aceita\u00e7\u00e3o de EMV sem contato em v\u00e1rios servi\u00e7os e instala\u00e7\u00f5es.<\/p>\n<p>Cada SDK vem em uma mala com 5 VSAMs e um leitor EMV certificado de N\u00edvel 1 para testar suas fun\u00e7\u00f5es. Inclui:<\/p>\n<ul>\n<li>Um aplicativo de pagamento VSAM completo<\/li>\n<li>Gerenciamento de lista de nega\u00e7\u00e3o<\/li>\n<li>Gerenciamento de lista de log<\/li>\n<li>Plug-in de conex\u00e3o PSP para diferentes provedores<\/li>\n<li>Exemplos de virtualiza\u00e7\u00e3o para sistemas de malha fechada<\/li>\n<li>V\u00e1rias funcionalidades de depura\u00e7\u00e3o<\/li>\n<li>Sincroniza\u00e7\u00e3o de malha<\/li>\n<li>Suporte para muitos leitores de N\u00edvel 2 prontos para uso. Consulte-nos.<\/li>\n<\/ul>\n","protected":false},"excerpt":{"rendered":"<p>Kit de desenvolvimento de sistema VSAM<\/p>\n","protected":false},"featured_media":6841,"comment_status":"closed","ping_status":"closed","template":"","meta":{"_monsterinsights_skip_tracking":false,"_monsterinsights_sitenote_active":false,"_monsterinsights_sitenote_note":"","_monsterinsights_sitenote_category":0,"advanced_seo_description":"","jetpack_seo_html_title":"","jetpack_seo_noindex":false,"_links_to":"","_links_to_target":""},"product_cat":[117,122,121],"product_tag":[119],"jetpack_sharing_enabled":true,"_links":{"self":[{"href":"https:\/\/www.planeta.inf.br\/br\/wp-json\/wp\/v2\/product\/6840"}],"collection":[{"href":"https:\/\/www.planeta.inf.br\/br\/wp-json\/wp\/v2\/product"}],"about":[{"href":"https:\/\/www.planeta.inf.br\/br\/wp-json\/wp\/v2\/types\/product"}],"replies":[{"embeddable":true,"href":"https:\/\/www.planeta.inf.br\/br\/wp-json\/wp\/v2\/comments?post=6840"}],"wp:featuredmedia":[{"embeddable":true,"href":"https:\/\/www.planeta.inf.br\/br\/wp-json\/wp\/v2\/media\/6841"}],"wp:attachment":[{"href":"https:\/\/www.planeta.inf.br\/br\/wp-json\/wp\/v2\/media?parent=6840"}],"wp:term":[{"taxonomy":"product_cat","embeddable":true,"href":"https:\/\/www.planeta.inf.br\/br\/wp-json\/wp\/v2\/product_cat?post=6840"},{"taxonomy":"product_tag","embeddable":true,"href":"https:\/\/www.planeta.inf.br\/br\/wp-json\/wp\/v2\/product_tag?post=6840"}],"curies":[{"name":"wp","href":"https:\/\/api.w.org\/{rel}","templated":true}]}}