{"id":6803,"date":"2024-09-23T09:31:45","date_gmt":"2024-09-23T12:31:45","guid":{"rendered":"https:\/\/planeta.inf.br\/?post_type=product&#038;p=6803"},"modified":"2026-03-02T12:48:15","modified_gmt":"2026-03-02T15:48:15","slug":"hsm950","status":"publish","type":"product","link":"https:\/\/www.planeta.inf.br\/br\/product\/hsm950\/","title":{"rendered":"HSM950"},"content":{"rendered":"<p>O HSM950 \u00e9 um servidor de seguran\u00e7a escal\u00e1vel projetado para executar transa\u00e7\u00f5es seguras, como recarga e valida\u00e7\u00e3o de cart\u00f5es. Ele utiliza uma matriz de alta velocidade de m\u00f3dulos de seguran\u00e7a (SAMs) para distribuir solicita\u00e7\u00f5es de clientes, permitindo alta simultaneidade. O HSM suporta at\u00e9 4 matrizes, cada uma com 28 SAMs, totalizando 112. As matrizes s\u00e3o acess\u00edveis pela frente e podem ser substitu\u00eddas com facilidade.<\/p>\n<p>Os SAMs podem ser divididos em submatrizes, permitindo que diferentes aplicativos ou fun\u00e7\u00f5es operem no mesmo dispositivo, otimizando o equil\u00edbrio entre os aplicativos. O software embutido distribui as solicita\u00e7\u00f5es entre as submatrizes, tornando o sistema mais eficiente e simplificando a experi\u00eancia do cliente.<\/p>\n<p>O software de gerenciamento interno \u00e9 escrito em C, garantindo alto desempenho. Em redes de 100 Mbps, o impacto no tempo de resposta APDU \u00e9 m\u00ednimo. O desenvolvimento de aplicativos \u00e9 facilitado por uma API bin\u00e1ria e bibliotecas de acesso em C e Node.js.<\/p>\n<p>O HSM950 pode ser montado em racks de 19 polegadas ou em bancadas, usando almofadas de silicone. Com esses recursos, \u00e9 uma solu\u00e7\u00e3o completa para sistemas de transa\u00e7\u00f5es seguras, oferecendo robustez e suporte ao desenvolvimento.<\/p>\n<p><strong>Importante:<\/strong> O manual deste produto est\u00e1 dispon\u00edvel exclusivamente em nosso portal de documentos. Para visualiz\u00e1-lo, ser\u00e1 necess\u00e1rio efetuar um cadastro gratuito em <a href=\"https:\/\/pidocs.planeta.inf.br\/\">pidocs.planeta.inf.br\/<\/a>.<\/p>\n<p><center><img fetchpriority=\"high\" decoding=\"async\" class=\"alignnone wp-image-8201 size-large\" src=\"https:\/\/www.planeta.inf.br\/wp-content\/uploads\/2024\/09\/hsm950-frente-sem-fundo-e1752684781726-1024x262.png\" alt=\"\" width=\"1024\" height=\"262\" srcset=\"https:\/\/www.planeta.inf.br\/wp-content\/uploads\/2024\/09\/hsm950-frente-sem-fundo-e1752684781726-1024x262.png 1024w, https:\/\/www.planeta.inf.br\/wp-content\/uploads\/2024\/09\/hsm950-frente-sem-fundo-e1752684781726-300x77.png 300w, https:\/\/www.planeta.inf.br\/wp-content\/uploads\/2024\/09\/hsm950-frente-sem-fundo-e1752684781726-768x196.png 768w, https:\/\/www.planeta.inf.br\/wp-content\/uploads\/2024\/09\/hsm950-frente-sem-fundo-e1752684781726-1536x393.png 1536w, https:\/\/www.planeta.inf.br\/wp-content\/uploads\/2024\/09\/hsm950-frente-sem-fundo-e1752684781726-18x5.png 18w, https:\/\/www.planeta.inf.br\/wp-content\/uploads\/2024\/09\/hsm950-frente-sem-fundo-e1752684781726-980x251.png 980w, https:\/\/www.planeta.inf.br\/wp-content\/uploads\/2024\/09\/hsm950-frente-sem-fundo-e1752684781726.png 2009w\" sizes=\"(max-width: 1024px) 100vw, 1024px\" \/><\/center><\/p>\n<div class=\"catalog-download\">\n<h3>Download Cat\u00e1logo<\/h3>\n<p><strong>Portugu\u00eas:<\/strong> <a href=\"https:\/\/www.planeta.inf.br\/wp-content\/uploads\/2026\/02\/FOL-HSM950.pdf\" target=\"_blank\" rel=\"noopener noreferrer\">Baixar cat\u00e1logo (PDF)<\/a><\/p>\n<p><strong>English:<\/strong> <a href=\"https:\/\/www.planeta.inf.br\/wp-content\/uploads\/2026\/02\/EFOL-HSM950.pdf\" target=\"_blank\" rel=\"noopener noreferrer\">Download catalog (PDF)<\/a><\/p>\n<\/div>\n","protected":false},"excerpt":{"rendered":"<p>Servidor de transa\u00e7\u00f5es seguras<\/p>\n","protected":false},"featured_media":6808,"comment_status":"closed","ping_status":"closed","template":"","meta":{"_monsterinsights_skip_tracking":false,"_monsterinsights_sitenote_active":false,"_monsterinsights_sitenote_note":"","_monsterinsights_sitenote_category":0,"advanced_seo_description":"","jetpack_seo_html_title":"","jetpack_seo_noindex":false,"_links_to":"","_links_to_target":""},"product_cat":[117,121],"product_tag":[],"jetpack_sharing_enabled":true,"_links":{"self":[{"href":"https:\/\/www.planeta.inf.br\/br\/wp-json\/wp\/v2\/product\/6803"}],"collection":[{"href":"https:\/\/www.planeta.inf.br\/br\/wp-json\/wp\/v2\/product"}],"about":[{"href":"https:\/\/www.planeta.inf.br\/br\/wp-json\/wp\/v2\/types\/product"}],"replies":[{"embeddable":true,"href":"https:\/\/www.planeta.inf.br\/br\/wp-json\/wp\/v2\/comments?post=6803"}],"wp:featuredmedia":[{"embeddable":true,"href":"https:\/\/www.planeta.inf.br\/br\/wp-json\/wp\/v2\/media\/6808"}],"wp:attachment":[{"href":"https:\/\/www.planeta.inf.br\/br\/wp-json\/wp\/v2\/media?parent=6803"}],"wp:term":[{"taxonomy":"product_cat","embeddable":true,"href":"https:\/\/www.planeta.inf.br\/br\/wp-json\/wp\/v2\/product_cat?post=6803"},{"taxonomy":"product_tag","embeddable":true,"href":"https:\/\/www.planeta.inf.br\/br\/wp-json\/wp\/v2\/product_tag?post=6803"}],"curies":[{"name":"wp","href":"https:\/\/api.w.org\/{rel}","templated":true}]}}