{"id":6800,"date":"2024-09-20T16:21:38","date_gmt":"2024-09-20T19:21:38","guid":{"rendered":"https:\/\/planeta.inf.br\/?post_type=product&#038;p=6800"},"modified":"2025-02-17T10:12:30","modified_gmt":"2025-02-17T13:12:30","slug":"ccv700","status":"publish","type":"product","link":"https:\/\/www.planeta.inf.br\/br\/product\/ccv700\/","title":{"rendered":"CCV700"},"content":{"rendered":"<p>O CCV700 \u00e9 um sistema de pagamento sem dinheiro para m\u00e1quinas de venda autom\u00e1tica que pode operar off-line ou on-line com os principais protocolos de comunica\u00e7\u00e3o \u2014 MDB, executivo e pulso \u2014 dependendo do cabo usado.<\/p>\n<p>O uso de cart\u00f5es inteligentes fornece seguran\u00e7a para transa\u00e7\u00f5es com cart\u00f5es de circuito fechado, permitindo transa\u00e7\u00f5es de pagamento e recarga off-line. O dispositivo tamb\u00e9m pode ser usado on-line com leitores de terceiros para adicionar outras tecnologias de identifica\u00e7\u00e3o pr\u00e9-existentes, como crach\u00e1s da empresa, para integrar-se com instala\u00e7\u00f5es de forma f\u00e1cil e r\u00e1pida, sem a necessidade de emitir novos cart\u00f5es.<\/p>\n<p>Este dispositivo \u00e9 integrado ao sistema VMManager, o que permite:<\/p>\n<ul>\n<li>Registrar e recuperar logs<\/li>\n<li>Configurar v\u00e1rias pol\u00edticas de grupo<\/li>\n<li>Suportar recarga de autocr\u00e9dito<\/li>\n<li>Gerar relat\u00f3rios<\/li>\n<li>Usar cart\u00f5es de configura\u00e7\u00e3o<\/li>\n<\/ul>\n<p>Mesmo quando o dispositivo est\u00e1 operando no modo off-line, a sincroniza\u00e7\u00e3o pode ser feita por meio de cart\u00f5es inteligentes, reduzindo o risco de transportar hardware caro ou delicado para o campo.<\/p>\n<p>Todas essas caracter\u00edsticas tornam o CCV700 uma solu\u00e7\u00e3o escal\u00e1vel para instala\u00e7\u00f5es pequenas e grandes, flex\u00edvel o suficiente para se adaptar a v\u00e1rios ambientes.<\/p>\n<p>O hardware CCV700 tamb\u00e9m tem um uso alternativo como um sistema de controle de acesso, onde pode emular Wiegand, ABA track e interfaces seriais para compatibilidade com sistemas implantados.<\/p>\n","protected":false},"excerpt":{"rendered":"<div class=\"flex max-w-full flex-col flex-grow\">\n<div class=\"min-h-[20px] text-message flex w-full flex-col items-end gap-2 whitespace-normal break-words [.text-message+&amp;]:mt-5\" dir=\"auto\" data-message-author-role=\"assistant\" data-message-id=\"e73090d4-7b69-4c2f-ba41-97ffb4c5fe96\">\n<div class=\"flex w-full flex-col gap-1 empty:hidden first:pt-[3px]\">\n<div class=\"markdown prose w-full break-words dark:prose-invert light\">\n<div class=\"flex max-w-full flex-col flex-grow\">\n<div class=\"min-h-[20px] text-message flex w-full flex-col items-end gap-2 whitespace-normal break-words [.text-message+&amp;]:mt-5\" dir=\"auto\" data-message-author-role=\"assistant\" data-message-id=\"196b451e-22f6-4f0e-b002-9f5a11f06286\">\n<div class=\"flex w-full flex-col gap-1 empty:hidden first:pt-[3px]\">\n<div class=\"markdown prose w-full break-words dark:prose-invert light\">\n<p>Sistema de pagamento sem dinheiro para m\u00e1quinas de venda autom\u00e1tica<\/p>\n<\/div>\n<\/div>\n<\/div>\n<\/div>\n<\/div>\n<\/div>\n<\/div>\n<\/div>\n","protected":false},"featured_media":6801,"comment_status":"closed","ping_status":"closed","template":"","meta":{"_monsterinsights_skip_tracking":false,"_monsterinsights_sitenote_active":false,"_monsterinsights_sitenote_note":"","_monsterinsights_sitenote_category":0,"advanced_seo_description":"","jetpack_seo_html_title":"","jetpack_seo_noindex":false,"_links_to":"","_links_to_target":""},"product_cat":[117,118],"product_tag":[119],"jetpack_sharing_enabled":true,"_links":{"self":[{"href":"https:\/\/www.planeta.inf.br\/br\/wp-json\/wp\/v2\/product\/6800"}],"collection":[{"href":"https:\/\/www.planeta.inf.br\/br\/wp-json\/wp\/v2\/product"}],"about":[{"href":"https:\/\/www.planeta.inf.br\/br\/wp-json\/wp\/v2\/types\/product"}],"replies":[{"embeddable":true,"href":"https:\/\/www.planeta.inf.br\/br\/wp-json\/wp\/v2\/comments?post=6800"}],"wp:featuredmedia":[{"embeddable":true,"href":"https:\/\/www.planeta.inf.br\/br\/wp-json\/wp\/v2\/media\/6801"}],"wp:attachment":[{"href":"https:\/\/www.planeta.inf.br\/br\/wp-json\/wp\/v2\/media?parent=6800"}],"wp:term":[{"taxonomy":"product_cat","embeddable":true,"href":"https:\/\/www.planeta.inf.br\/br\/wp-json\/wp\/v2\/product_cat?post=6800"},{"taxonomy":"product_tag","embeddable":true,"href":"https:\/\/www.planeta.inf.br\/br\/wp-json\/wp\/v2\/product_tag?post=6800"}],"curies":[{"name":"wp","href":"https:\/\/api.w.org\/{rel}","templated":true}]}}