{"id":6792,"date":"2024-09-20T14:00:04","date_gmt":"2024-09-20T17:00:04","guid":{"rendered":"https:\/\/planeta.inf.br\/?post_type=product&#038;p=6792"},"modified":"2025-02-17T10:18:48","modified_gmt":"2025-02-17T13:18:48","slug":"iot100","status":"publish","type":"product","link":"https:\/\/www.planeta.inf.br\/br\/product\/iot100\/","title":{"rendered":"IOT100"},"content":{"rendered":"<p>O IOT100 \u00e9 um dispositivo de comunica\u00e7\u00e3o que permite pagamentos EMV sem contato em dispositivos de mobilidade, como bicicletas e patinetes alugados. Este dispositivo se conecta ao leitor EMV sem contato local SCR916 como um ponto de entrada para pagamento e se conecta remotamente ao servidor de pagamento para autorizar transa\u00e7\u00f5es.<\/p>\n<p>Entre os recursos on-line, este dispositivo tamb\u00e9m se conecta ao servidor SMS, permitindo atualiza\u00e7\u00f5es e configura\u00e7\u00f5es remotas n\u00e3o apenas para o pr\u00f3prio dispositivo, mas tamb\u00e9m para o SCR916 e seu m\u00f3dulo de seguran\u00e7a (SAM).<\/p>\n<p>Localmente, este dispositivo pode ser integrado a uma ampla gama de perif\u00e9ricos usando as interfaces RS232, CAN e GPIO. Ele tamb\u00e9m tem um aceler\u00f4metro e GPS integrados.<\/p>\n<p>A arquitetura do software \u00e9 projetada para permitir aplicativos personalizados para download remoto, permitindo diferentes modelos de neg\u00f3cios, tipos de ve\u00edculos, m\u00e9todos de pagamento e recursos para facilitar a administra\u00e7\u00e3o.<\/p>\n<p>Ele pode ser fornecido como um dispositivo acess\u00f3rio para o SCR916 ou embalado em um \u00fanico gabinete mont\u00e1vel em superf\u00edcies planas para instala\u00e7\u00e3o padr\u00e3o.<\/p>\n<p>O IOT100 \u00e9 uma solu\u00e7\u00e3o robusta, por\u00e9m simples de manter, para pagamentos remotos sem contato para dispositivos de mobilidade.<\/p>\n","protected":false},"excerpt":{"rendered":"<div class=\"flex max-w-full flex-col flex-grow\">\n<div class=\"min-h-[20px] text-message flex w-full flex-col items-end gap-2 whitespace-normal break-words [.text-message+&amp;]:mt-5\" dir=\"auto\" data-message-author-role=\"assistant\" data-message-id=\"e73090d4-7b69-4c2f-ba41-97ffb4c5fe96\">\n<div class=\"flex w-full flex-col gap-1 empty:hidden first:pt-[3px]\">\n<div class=\"markdown prose w-full break-words dark:prose-invert light\">\n<div class=\"flex max-w-full flex-col flex-grow\">\n<div class=\"min-h-[20px] text-message flex w-full flex-col items-end gap-2 whitespace-normal break-words [.text-message+&amp;]:mt-5\" dir=\"auto\" data-message-author-role=\"assistant\" data-message-id=\"196b451e-22f6-4f0e-b002-9f5a11f06286\">\n<div class=\"flex w-full flex-col gap-1 empty:hidden first:pt-[3px]\">\n<div class=\"markdown prose w-full break-words dark:prose-invert light\">\n<p>Dispositivo IOT para pagamento m\u00f3vel<\/p>\n<\/div>\n<\/div>\n<\/div>\n<\/div>\n<\/div>\n<\/div>\n<\/div>\n<\/div>\n","protected":false},"featured_media":6793,"comment_status":"closed","ping_status":"closed","template":"","meta":{"_monsterinsights_skip_tracking":false,"_monsterinsights_sitenote_active":false,"_monsterinsights_sitenote_note":"","_monsterinsights_sitenote_category":0,"advanced_seo_description":"","jetpack_seo_html_title":"","jetpack_seo_noindex":false,"_links_to":"","_links_to_target":""},"product_cat":[117,120],"product_tag":[119],"jetpack_sharing_enabled":true,"_links":{"self":[{"href":"https:\/\/www.planeta.inf.br\/br\/wp-json\/wp\/v2\/product\/6792"}],"collection":[{"href":"https:\/\/www.planeta.inf.br\/br\/wp-json\/wp\/v2\/product"}],"about":[{"href":"https:\/\/www.planeta.inf.br\/br\/wp-json\/wp\/v2\/types\/product"}],"replies":[{"embeddable":true,"href":"https:\/\/www.planeta.inf.br\/br\/wp-json\/wp\/v2\/comments?post=6792"}],"wp:featuredmedia":[{"embeddable":true,"href":"https:\/\/www.planeta.inf.br\/br\/wp-json\/wp\/v2\/media\/6793"}],"wp:attachment":[{"href":"https:\/\/www.planeta.inf.br\/br\/wp-json\/wp\/v2\/media?parent=6792"}],"wp:term":[{"taxonomy":"product_cat","embeddable":true,"href":"https:\/\/www.planeta.inf.br\/br\/wp-json\/wp\/v2\/product_cat?post=6792"},{"taxonomy":"product_tag","embeddable":true,"href":"https:\/\/www.planeta.inf.br\/br\/wp-json\/wp\/v2\/product_tag?post=6792"}],"curies":[{"name":"wp","href":"https:\/\/api.w.org\/{rel}","templated":true}]}}