{"id":6780,"date":"2024-09-20T10:29:25","date_gmt":"2024-09-20T13:29:25","guid":{"rendered":"https:\/\/planeta.inf.br\/?post_type=product&#038;p=6780"},"modified":"2026-02-11T16:58:32","modified_gmt":"2026-02-11T19:58:32","slug":"lm800","status":"publish","type":"product","link":"https:\/\/www.planeta.inf.br\/br\/product\/lm800\/","title":{"rendered":"LM800"},"content":{"rendered":"<p>O LM800 \u00e9 um dispositivo de personaliza\u00e7\u00e3o de cart\u00e3o com e sem contato altamente dur\u00e1vel. Ele apresenta um leitor de cart\u00e3o h\u00edbrido com e sem contato e um sistema motorizado que controla o fluxo de cart\u00f5es. O dispositivo permite a personaliza\u00e7\u00e3o de cart\u00f5es por meio de uma \u00fanica interface, o que permite o controle do leitor e do mecanismo motorizado.Ele \u00e9 compat\u00edvel com os recursos do RC700, facilitando a integra\u00e7\u00e3o com sistemas legados.<\/p>\n<p>Um poderoso ambiente de script est\u00e1 dispon\u00edvel, permitindo esquemas complexos de personaliza\u00e7\u00e3o e registro. Esses recursos tornam o LM800 um dispositivo de personaliza\u00e7\u00e3o de cart\u00e3o compacto, mas poderoso.<\/p>\n","protected":false},"excerpt":{"rendered":"<div class=\"flex max-w-full flex-col flex-grow\">\n<div class=\"min-h-[20px] text-message flex w-full flex-col items-end gap-2 whitespace-normal break-words [.text-message+&amp;]:mt-5\" dir=\"auto\" data-message-author-role=\"assistant\" data-message-id=\"e73090d4-7b69-4c2f-ba41-97ffb4c5fe96\">\n<div class=\"flex w-full flex-col gap-1 empty:hidden first:pt-[3px]\">\n<div class=\"markdown prose w-full break-words dark:prose-invert light\">\n<p>Customizador motorizado de cart\u00f5es de contato e sem contato de alta durabilidade<\/p>\n<\/div>\n<\/div>\n<\/div>\n<\/div>\n","protected":false},"featured_media":7829,"comment_status":"closed","ping_status":"closed","template":"","meta":{"_monsterinsights_skip_tracking":false,"_monsterinsights_sitenote_active":false,"_monsterinsights_sitenote_note":"","_monsterinsights_sitenote_category":0,"advanced_seo_description":"","jetpack_seo_html_title":"","jetpack_seo_noindex":false,"_links_to":"","_links_to_target":""},"product_cat":[117,120],"product_tag":[],"jetpack_sharing_enabled":true,"_links":{"self":[{"href":"https:\/\/www.planeta.inf.br\/br\/wp-json\/wp\/v2\/product\/6780"}],"collection":[{"href":"https:\/\/www.planeta.inf.br\/br\/wp-json\/wp\/v2\/product"}],"about":[{"href":"https:\/\/www.planeta.inf.br\/br\/wp-json\/wp\/v2\/types\/product"}],"replies":[{"embeddable":true,"href":"https:\/\/www.planeta.inf.br\/br\/wp-json\/wp\/v2\/comments?post=6780"}],"wp:featuredmedia":[{"embeddable":true,"href":"https:\/\/www.planeta.inf.br\/br\/wp-json\/wp\/v2\/media\/7829"}],"wp:attachment":[{"href":"https:\/\/www.planeta.inf.br\/br\/wp-json\/wp\/v2\/media?parent=6780"}],"wp:term":[{"taxonomy":"product_cat","embeddable":true,"href":"https:\/\/www.planeta.inf.br\/br\/wp-json\/wp\/v2\/product_cat?post=6780"},{"taxonomy":"product_tag","embeddable":true,"href":"https:\/\/www.planeta.inf.br\/br\/wp-json\/wp\/v2\/product_tag?post=6780"}],"curies":[{"name":"wp","href":"https:\/\/api.w.org\/{rel}","templated":true}]}}