{"id":6588,"date":"2024-09-04T15:16:41","date_gmt":"2024-09-04T18:16:41","guid":{"rendered":"https:\/\/planeta.inf.br\/?post_type=product&#038;p=6588"},"modified":"2025-02-17T10:36:57","modified_gmt":"2025-02-17T13:36:57","slug":"rc700","status":"publish","type":"product","link":"https:\/\/www.planeta.inf.br\/br\/product\/rc700\/","title":{"rendered":"RC700"},"content":{"rendered":"<p><span style=\"vertical-align: inherit;\"><span style=\"vertical-align: inherit;\">O RC700 \u00e9 um leitor USB para smartcards sem contato com um m\u00f3dulo SAM opcional para seguran\u00e7a aprimorada. Ele aceita muitos cart\u00f5es sem contato de 13,56MHz, como Mifare, por exemplo. Usando uma interface USB, o RC700 pode se apresentar ao host como:<\/span><\/span><\/p>\n<ul>\n<li><strong><span style=\"vertical-align: inherit;\"><span style=\"vertical-align: inherit;\">CCID &#8211; Leitor de cart\u00e3o inteligente:<\/span><\/span><\/strong><span style=\"vertical-align: inherit;\"><span style=\"vertical-align: inherit;\"> \u00a0Neste modo, o RC700 permite maior compatibilidade com programas que j\u00e1 funcionam com smartcards.<\/span><\/span><\/li>\n<li><strong><span style=\"vertical-align: inherit;\"><span style=\"vertical-align: inherit;\">CDC &#8211; Modo serial:<\/span><\/span><\/strong><span style=\"vertical-align: inherit;\"><span style=\"vertical-align: inherit;\"> \u00a0O leitor se apresenta como uma porta serial, permitindo f\u00e1cil compatibilidade com sistemas Linux, Android e programas legados sem suporte para uma interface de smartcard nativa.<\/span><\/span><\/li>\n<li><strong><span style=\"vertical-align: inherit;\"><span style=\"vertical-align: inherit;\">HID &#8211; Emula\u00e7\u00e3o de teclado:<\/span><\/span><\/strong><span style=\"vertical-align: inherit;\"><span style=\"vertical-align: inherit;\"> \u00a0Comportando-se como um teclado, o RC700 pode ser usado para capturar o n\u00famero de s\u00e9rie do cart\u00e3o.<\/span><\/span><\/li>\n<\/ul>\n<p><span style=\"vertical-align: inherit;\"><span style=\"vertical-align: inherit;\">Em todos os modos de opera\u00e7\u00e3o, o leitor \u00e9 identificado automaticamente pelo Windows 10, n\u00e3o necessitando de instala\u00e7\u00e3o manual de drivers. Um kit de desenvolvimento de software (SDK) est\u00e1 dispon\u00edvel para permitir a integra\u00e7\u00e3o com outros sistemas.<\/span><\/span><\/p>\n","protected":false},"excerpt":{"rendered":"<p>Leitor e gravador de smartcards sem contato<\/p>\n","protected":false},"featured_media":7261,"comment_status":"closed","ping_status":"closed","template":"","meta":{"_monsterinsights_skip_tracking":false,"_monsterinsights_sitenote_active":false,"_monsterinsights_sitenote_note":"","_monsterinsights_sitenote_category":0,"advanced_seo_description":"","jetpack_seo_html_title":"","jetpack_seo_noindex":false,"_links_to":"","_links_to_target":""},"product_cat":[117,120,118],"product_tag":[119],"jetpack_sharing_enabled":true,"_links":{"self":[{"href":"https:\/\/www.planeta.inf.br\/br\/wp-json\/wp\/v2\/product\/6588"}],"collection":[{"href":"https:\/\/www.planeta.inf.br\/br\/wp-json\/wp\/v2\/product"}],"about":[{"href":"https:\/\/www.planeta.inf.br\/br\/wp-json\/wp\/v2\/types\/product"}],"replies":[{"embeddable":true,"href":"https:\/\/www.planeta.inf.br\/br\/wp-json\/wp\/v2\/comments?post=6588"}],"wp:featuredmedia":[{"embeddable":true,"href":"https:\/\/www.planeta.inf.br\/br\/wp-json\/wp\/v2\/media\/7261"}],"wp:attachment":[{"href":"https:\/\/www.planeta.inf.br\/br\/wp-json\/wp\/v2\/media?parent=6588"}],"wp:term":[{"taxonomy":"product_cat","embeddable":true,"href":"https:\/\/www.planeta.inf.br\/br\/wp-json\/wp\/v2\/product_cat?post=6588"},{"taxonomy":"product_tag","embeddable":true,"href":"https:\/\/www.planeta.inf.br\/br\/wp-json\/wp\/v2\/product_tag?post=6588"}],"curies":[{"name":"wp","href":"https:\/\/api.w.org\/{rel}","templated":true}]}}