{"id":6820,"date":"2024-09-23T13:28:24","date_gmt":"2024-09-23T16:28:24","guid":{"rendered":"https:\/\/planeta.inf.br\/?page_id=6820"},"modified":"2024-09-23T13:41:06","modified_gmt":"2024-09-23T16:41:06","slug":"politica-de-privacidade","status":"publish","type":"page","link":"https:\/\/www.planeta.inf.br\/br\/politica-de-privacidade\/","title":{"rendered":"Pol\u00edtica de privacidade"},"content":{"rendered":"<h3 class=\"wp-block-heading\">Aviso de Privacidade<\/h3><p>Nos termos da Lei Geral de Prote\u00e7\u00e3o de Dados brasileira &#8211; LGPD (Lei n. 13.709\/2018), detalhamos abaixo as principais informa\u00e7\u00f5es sobre a coleta e o tratamento de dados pessoais que podem ocorrer em caso de acesso ao website institucional desta empresa. A utiliza\u00e7\u00e3o deste website ou de conte\u00fados nele expostos sujeita o Usu\u00e1rio \u00e0 observ\u00e2ncia e respeito \u00e0s condi\u00e7\u00f5es aqui apresentadas. Caso n\u00e3o concorde com as informa\u00e7\u00f5es disponibilizadas, destacamos que n\u00e3o ser\u00e1 poss\u00edvel utilizar os servi\u00e7os oferecidos, solicitando que o Usu\u00e1rio interrompa, imediatamente, o acesso e uso do website e dos servi\u00e7os.<\/p><div style=\"height:40px\" aria-hidden=\"true\" class=\"wp-block-spacer\"><\/div><p><strong>Identifica\u00e7\u00e3o da Empresa:<\/strong> Somos a Planeta Inform\u00e1tica LTDA, pessoa jur\u00eddica CNPJ 66.036.831\/0001-21, com sede na Av. Dr. Romeu T\u00f3rtima, 272 \u2013 Santa Genebra II \u2013 Campinas &#8211; SP, CEP 13.084-791. Para se comunicar conosco, envie um e-mail para nossa DPO: <a>dpo@planeta.inf.br<\/a>, ou entre em contato por telefone: (19) 3749-8855.<\/p><div style=\"height:40px\" aria-hidden=\"true\" class=\"wp-block-spacer\"><\/div><p>Durante a utiliza\u00e7\u00e3o deste website, n\u00e3o s\u00e3o coletados dados pessoais do Usu\u00e1rio que permitam sua identifica\u00e7\u00e3o de forma automatizada. Os dados pessoais coletados ser\u00e3o os eventualmente fornecidos de forma volunt\u00e1ria e opcional pelo Usu\u00e1rio, na hip\u00f3tese de haver o envio de dados pessoais por uma das formas de contato disponibilizadas no website (e-mail, telefone e\/ou carta). Os dados fornecidos ser\u00e3o encaminhados para a equipe interna da empresa, que retornar\u00e1 a solicita\u00e7\u00e3o o mais breve poss\u00edvel.<\/p><div style=\"height:40px\" aria-hidden=\"true\" class=\"wp-block-spacer\"><\/div><p>Caso o Usu\u00e1rio forne\u00e7a dados pessoais por meio dos canais de contato dispon\u00edveis, os mesmos n\u00e3o ser\u00e3o repassados a terceiros, salvo mediante autoriza\u00e7\u00e3o e\/ou solicita\u00e7\u00e3o expressa do Usu\u00e1rio. Ademais, ser\u00e3o tomadas medidas de seguran\u00e7a com o intuito de proteger os dados armazenados.<\/p><div style=\"height:40px\" aria-hidden=\"true\" class=\"wp-block-spacer\"><\/div><p>Os dados pessoais dos Usu\u00e1rios, quando voluntariamente enviados pelos canais de contato, ser\u00e3o tratados pela equipe de colaboradores de nossa empresa, localizada no Brasil.<\/p><div style=\"height:40px\" aria-hidden=\"true\" class=\"wp-block-spacer\"><\/div><p>Dependendo das informa\u00e7\u00f5es enviadas, um colaborador poder\u00e1 entrar em contato para atender ao solicitado, conforme requerido pelo Usu\u00e1rio.<\/p><div style=\"height:40px\" aria-hidden=\"true\" class=\"wp-block-spacer\"><\/div><p>A dura\u00e7\u00e3o do armazenamento e tratamento dos dados aqui referidos \u00e9 por prazo indeterminado e ser\u00e1 mantida pelo tempo necess\u00e1rio at\u00e9 o cumprimento de seu objetivo, e\/ou enquanto n\u00e3o houver revoga\u00e7\u00e3o do consentimento dado pelo Usu\u00e1rio ou quando solicitado por determina\u00e7\u00e3o judicial ou extrajudicial, quando cab\u00edvel, sempre respeitando as normas legais aplic\u00e1veis.<\/p><div style=\"height:40px\" aria-hidden=\"true\" class=\"wp-block-spacer\"><\/div><p>O Usu\u00e1rio, nos termos do art. 18 da Lei n. 13.709\/2018, poder\u00e1, quanto aos eventuais dados pessoais fornecidos, exercer os seguintes direitos:<\/p><div style=\"height:40px\" aria-hidden=\"true\" class=\"wp-block-spacer\"><\/div><p>I &#8211; Confirma\u00e7\u00e3o da exist\u00eancia de tratamento;<br>II &#8211; Acesso aos dados;<br>III &#8211; Corre\u00e7\u00e3o de dados incompletos, inexatos ou desatualizados;<br>IV &#8211; Anonimiza\u00e7\u00e3o, bloqueio ou elimina\u00e7\u00e3o de dados desnecess\u00e1rios, excessivos ou tratados em desconformidade com o disposto nesta Lei;<br>V &#8211; Portabilidade dos dados a outro fornecedor de servi\u00e7o ou produto, mediante requisi\u00e7\u00e3o expressa, de acordo com a regulamenta\u00e7\u00e3o da autoridade nacional, observados os segredos comercial e industrial;<br>VI &#8211; Elimina\u00e7\u00e3o dos dados pessoais tratados com o consentimento do titular, exceto nas hip\u00f3teses previstas no art. 16 desta Lei;<br>VII &#8211; Informa\u00e7\u00e3o das entidades p\u00fablicas e privadas com as quais o controlador realizou uso compartilhado de dados;<br>VIII &#8211; Informa\u00e7\u00e3o sobre a possibilidade de n\u00e3o fornecer consentimento e sobre as consequ\u00eancias da negativa;<br>IX &#8211; Revoga\u00e7\u00e3o do consentimento, nos termos do \u00a7 5\u00ba do art. 8\u00ba desta Lei.<\/p><div style=\"height:40px\" aria-hidden=\"true\" class=\"wp-block-spacer\"><\/div><p>Caso deseje exercer um ou mais direitos previstos em lei, por favor, envie uma mensagem eletr\u00f4nica para o e-mail: <a>dpo@planeta.inf.br<\/a>.<\/p><div style=\"height:40px\" aria-hidden=\"true\" class=\"wp-block-spacer\"><\/div><h3 class=\"wp-block-heading\">Pol\u00edtica de Cookies<\/h3><p>Nesta Pol\u00edtica de Cookies, descrevemos e informamos ao Usu\u00e1rio sobre a utiliza\u00e7\u00e3o de cookies, que s\u00e3o partes do c\u00f3digo instaladas no navegador\/aplicativo (pequenos arquivos digitais) que ajudam a plataforma a oferecer o servi\u00e7o que ela se prop\u00f5e. Assim, determinadas fun\u00e7\u00f5es dos cookies podem exigir o consentimento do Usu\u00e1rio. Informamos que, atualmente, nosso website n\u00e3o utiliza ou coleta dados pessoais por meio de cookies.<\/p><div style=\"height:40px\" aria-hidden=\"true\" class=\"wp-block-spacer\"><\/div><h3 class=\"wp-block-heading\">Disposi\u00e7\u00f5es Finais<\/h3><p>Os presentes \u201cAviso de Privacidade\u201d e \u201cPol\u00edtica de Cookies\u201d podem ser revistos e\/ou atualizados a qualquer momento. Este documento sempre estar\u00e1 dispon\u00edvel para consulta neste website, com livre e f\u00e1cil acesso. Reservamo-nos o direito de promover aprimoramentos e atualiza\u00e7\u00f5es que podem alterar sua estrutura ou layout, conforme nossa conveni\u00eancia e necessidade. Caso qualquer disposi\u00e7\u00e3o deste documento seja considerada inexequ\u00edvel ou inv\u00e1lida, essa disposi\u00e7\u00e3o ser\u00e1 isoladamente invalidada e n\u00e3o atingir\u00e1 o restante das disposi\u00e7\u00f5es aqui contidas. Ademais, informamos que situa\u00e7\u00f5es n\u00e3o previstas neste documento est\u00e3o sujeitas \u00e0 an\u00e1lise e delibera\u00e7\u00e3o da equipe respons\u00e1vel junto a esta empresa, mediante solicita\u00e7\u00e3o.<\/p><div style=\"height:40px\" aria-hidden=\"true\" class=\"wp-block-spacer\"><\/div><p>Em caso de d\u00favidas, sugest\u00f5es e\/ou qualquer outro tipo de contato quanto a este documento, o Usu\u00e1rio dever\u00e1 enviar mensagem para o endere\u00e7o de e-mail: <a>dpo@planeta.inf.br<\/a>.<\/p><div style=\"height:40px\" aria-hidden=\"true\" class=\"wp-block-spacer\"><\/div><p><strong>\u00daltima atualiza\u00e7\u00e3o: 18 de setembro de 2020.<\/strong><\/p>","protected":false},"excerpt":{"rendered":"<p>Aviso de Privacidade Nos termos da Lei Geral de Prote\u00e7\u00e3o de Dados brasileira &#8211; LGPD (Lei n. 13.709\/2018), detalhamos abaixo as principais informa\u00e7\u00f5es sobre a coleta e o tratamento de dados pessoais que podem ocorrer em caso de acesso ao website institucional desta empresa. A utiliza\u00e7\u00e3o deste website ou de conte\u00fados nele expostos sujeita o [&hellip;]<\/p>\n","protected":false},"author":5,"featured_media":0,"parent":0,"menu_order":0,"comment_status":"closed","ping_status":"closed","template":"template-no-title","meta":{"_monsterinsights_skip_tracking":false,"_monsterinsights_sitenote_active":false,"_monsterinsights_sitenote_note":"","_monsterinsights_sitenote_category":0,"advanced_seo_description":"","jetpack_seo_html_title":"","jetpack_seo_noindex":false,"footnotes":"","_links_to":"","_links_to_target":""},"jetpack_sharing_enabled":true,"_links":{"self":[{"href":"https:\/\/www.planeta.inf.br\/br\/wp-json\/wp\/v2\/pages\/6820"}],"collection":[{"href":"https:\/\/www.planeta.inf.br\/br\/wp-json\/wp\/v2\/pages"}],"about":[{"href":"https:\/\/www.planeta.inf.br\/br\/wp-json\/wp\/v2\/types\/page"}],"author":[{"embeddable":true,"href":"https:\/\/www.planeta.inf.br\/br\/wp-json\/wp\/v2\/users\/5"}],"replies":[{"embeddable":true,"href":"https:\/\/www.planeta.inf.br\/br\/wp-json\/wp\/v2\/comments?post=6820"}],"version-history":[{"count":4,"href":"https:\/\/www.planeta.inf.br\/br\/wp-json\/wp\/v2\/pages\/6820\/revisions"}],"predecessor-version":[{"id":6825,"href":"https:\/\/www.planeta.inf.br\/br\/wp-json\/wp\/v2\/pages\/6820\/revisions\/6825"}],"wp:attachment":[{"href":"https:\/\/www.planeta.inf.br\/br\/wp-json\/wp\/v2\/media?parent=6820"}],"curies":[{"name":"wp","href":"https:\/\/api.w.org\/{rel}","templated":true}]}}